{"id":59,"date":"2019-03-12T20:44:42","date_gmt":"2019-03-12T20:44:42","guid":{"rendered":"http:\/\/toabygg.se\/?page_id=59"},"modified":"2019-03-14T09:56:54","modified_gmt":"2019-03-14T09:56:54","slug":"bild3","status":"publish","type":"page","link":"https:\/\/toabygg.se\/index.php\/bild3\/","title":{"rendered":"Utg\u00e5ng fr\u00e5n k\u00f6ket"},"content":{"rendered":"","protected":false},"excerpt":{"rendered":"","protected":false},"author":1,"featured_media":60,"parent":0,"menu_order":0,"comment_status":"closed","ping_status":"closed","template":"page-templates\/template-portfolio.php","meta":{"footnotes":""},"class_list":["post-59","page","type-page","status-publish","has-post-thumbnail","hentry"],"_links":{"self":[{"href":"https:\/\/toabygg.se\/index.php\/wp-json\/wp\/v2\/pages\/59","targetHints":{"allow":["GET"]}}],"collection":[{"href":"https:\/\/toabygg.se\/index.php\/wp-json\/wp\/v2\/pages"}],"about":[{"href":"https:\/\/toabygg.se\/index.php\/wp-json\/wp\/v2\/types\/page"}],"author":[{"embeddable":true,"href":"https:\/\/toabygg.se\/index.php\/wp-json\/wp\/v2\/users\/1"}],"replies":[{"embeddable":true,"href":"https:\/\/toabygg.se\/index.php\/wp-json\/wp\/v2\/comments?post=59"}],"version-history":[{"count":2,"href":"https:\/\/toabygg.se\/index.php\/wp-json\/wp\/v2\/pages\/59\/revisions"}],"predecessor-version":[{"id":85,"href":"https:\/\/toabygg.se\/index.php\/wp-json\/wp\/v2\/pages\/59\/revisions\/85"}],"wp:featuredmedia":[{"embeddable":true,"href":"https:\/\/toabygg.se\/index.php\/wp-json\/wp\/v2\/media\/60"}],"wp:attachment":[{"href":"https:\/\/toabygg.se\/index.php\/wp-json\/wp\/v2\/media?parent=59"}],"curies":[{"name":"wp","href":"https:\/\/api.w.org\/{rel}","templated":true}]}}